{"id":2484,"date":"2022-10-05T04:23:16","date_gmt":"2022-10-04T20:23:16","guid":{"rendered":"http:\/\/www.fbilab.org\/xn\/netart\/?page_id=2484"},"modified":"2024-09-05T08:23:13","modified_gmt":"2024-09-05T00:23:13","slug":"1-g-discussion-1020","status":"publish","type":"page","link":"https:\/\/www.fbilab.org\/xn\/netart\/?page_id=2484","title":{"rendered":"2022 &#8211; \u5c0f\u7d44\u8a0e\u8ad6(2)"},"content":{"rendered":"<h3><span style=\"color: #993300;\">\u570b\u969b\u7db2\u8def\u85dd\u8853&amp;\u5275\u610f\u4f5c\u54c1<\/span><\/h3>\n<p><strong>2022\u5e74 \u7b2c\u4e8c\u6b21\u5c0f\u7d44\u8a0e\u8ad6 (11\/30)<\/strong> \u2013 \u570b\u969b\u7db2\u8def\u85dd\u8853&amp;\u5275\u610f\u4f5c\u54c1<br \/>\n\u5831\u544a\u6b21\u5e8f\uff1a<span style=\"color: #008080;\">8, 3, 7, 2, 1, 4, 5, 6<\/span><\/p>\n<p><strong>\u203b \u9078\u984c Deadline\uff1a11\/16 12:00PM\u00a0<\/strong><br \/>\n\u203b <span style=\"color: #ff0000;\">PPT\uff0c\u9700\u5728\u7576\u5929\u5831\u544a\u7684 5:00AM\u524d\u4e0a\u50b3<\/span>\u3002<\/p>\n<p><span style=\"color: #008080;\">\u6bcf\u7d44\u517120\u5206\u9418\uff08\u6838\u5fc3\u5167\u5bb915\u5206\u9418\uff0cQ\uff06A 5\u5206\u9418\uff09<\/span>\uff1a<br \/>\n\u25cf <strong>Summary<\/strong>\uff1a\u628a\u300c\u5275\u610f\u7db2\u8def\u85dd\u8853\u4f5c\u54c1\u300d\u505aSummary\u5831\u544a\u8207\u7dda\u4e0ademo\u3002\u5305\u542b\u4f5c\u54c1\u7684\uff1a\u4f5c\u8005(\u90a3\u4e00\u570b\u4eba\uff09\u3001\u4f5c\u54c1\u540d\u7a31\uff08\u90a3\u4e00\u5e74\u505a\u7684\uff09\u3001\u4f5c\u54c1\u5167\u5bb9 (video\uff09\u3002<br \/>\n\u25cf <strong>Keyword<\/strong>\uff1a\u628a\u300c\u5275\u610f\u7db2\u8def\u85dd\u8853\u4f5c\u54c1\u300d\u9078\u51fa 3~5\u500b\u95dc\u9375\u5b57\u627e\u51fa\uff0c\u4e26\u505a\u5b9a\u7fa9\u3001\u91cd\u8981\u6027\u8aaa\u660e\u3002<br \/>\n\u25cf <strong>Background<\/strong>\uff1a\u628a\u300c\u5275\u610f\u7db2\u8def\u85dd\u8853\u4f5c\u54c1\u300d\u4f5c\u54c1\u7684\u80cc\u666f\u63a2\u7d22\u8aaa\u660e (\u542b\u4f5c\u8005\u80cc\u666f\u3001\u4f5c\u54c1\u80cc\u5f8c\u52d5\u6a5f\u8207\u5f71\u97ff\uff09\u3002<br \/>\n\u25cf <strong>Connection<\/strong>\uff1a\u5c0d\u300c\u5275\u610f\u7db2\u8def\u85dd\u8853\u4f5c\u54c1\u300d\u627e\u51fa\u985e\u4f3c\u7684\u5ef6\u4f38\u4f5c\u54c1\u00a0<span style=\"color: #ff0000;\">(\u2605\u81f3\u5c11\u4e00\u4ef6\u8001\u5e2b\u8b1b\u904e\u7684\u4f5c\u54c1\uff09<\/span>\uff0c\u4ee5\u53ca\u4f5c\u54c1\u5c0d\u81ea\u5df1\u7684\u5f71\u97ff\u8207\u5fc3\u5f97\u5831\u544a\u3002<br \/>\n\u25cf <strong>Q&amp;A<\/strong>\uff1a\u5c0f\u7d44\u9700\u62cb\u51faQ&amp;A\u8b70\u984c\uff0c\u904b\u7528\u5275\u610f\u5f15\u5c0e\u540c\u5b78\u53c3\u8207\u8a0e\u8ad6\u3002<\/p>\n<ol>\n<li><a href=\"https:\/\/archive.aec.at\/prix\/showmode\/41078\/\" target=\"_blank\" rel=\"noopener\">Newsweek<\/a>, by Julian Oliver | Newstweek GmBH, Danja Vasiliev <span style=\"color: #ff0000;\">[\u7b2c8\u7d44]<\/span><\/li>\n<li><a href=\"https:\/\/calls.ars.electronica.art\/2022\/prix\/winners\/10165\/\" target=\"_blank\" rel=\"noopener noreferrer\">Another Moon<\/a>, by Kimchi and Chips &#8212; \u00a0<span style=\"color: #ff0000;\">[\u7b2c3\u7d44]<\/span><\/li>\n<li><a href=\"https:\/\/calls.ars.electronica.art\/2022\/prix\/winners\/9158\/\" target=\"_blank\" rel=\"noopener noreferrer\">Bi0film.net: Resist like bacteria<\/a>, by Jung Hsu, Natalia Rivera\u00a0\u00a0<span style=\"color: #ff0000;\">[\u7b2c7\u7d44]<\/span><\/li>\n<li><a href=\"https:\/\/calls.ars.electronica.art\/2022\/prix\/winners\/10715\/\" target=\"_blank\" rel=\"noopener noreferrer\">Behind Shirley<\/a>, by Ibiye Camp \u00a0<span style=\"color: #ff0000;\">[\u7b2c2\u7d44]<\/span><\/li>\n<li><a href=\"https:\/\/calls.ars.electronica.art\/2022\/prix\/winners\/11304\/\" target=\"_blank\" rel=\"noopener noreferrer\">Siempre se tienen 19 a\u00f1os en un rinc\u00f3n del coraz\u00f3n<\/a>, by Gabriela Mungu\u00eda, Germ\u00e1n P\u00e9rez &#8212; <span style=\"color: #ff0000;\">\u00a0[\u7b2c1\u7d44]<\/span><\/li>\n<li><a href=\"https:\/\/calls.ars.electronica.art\/2022\/prix\/winners\/10467\/\" target=\"_blank\" rel=\"noopener noreferrer\">Perfect Sleep<\/a>, by <a href=\"https:\/\/calls.ars.electronica.art\/2022\/prix\/winners\/10467\/\" target=\"_blank\" rel=\"noopener noreferrer\">Tega<\/a> Brain\u3001Sam Lavigne <span style=\"color: #ff0000;\">\u00a0[\u7b2c4\u7d44]<\/span><\/li>\n<li><a href=\"https:\/\/calls.ars.electronica.art\/2022\/prix\/winners\/11032\/\" target=\"_blank\" rel=\"noopener noreferrer\">How to Make an Ocean<\/a>, by Kasia Molga &#8212; \u00a0<span style=\"color: #ff0000;\">[\u7b2c5\u7d44]<\/span><\/li>\n<li><a href=\"https:\/\/archive.aec.at\/prix\/showmode\/63144\/\" target=\"_blank\" rel=\"noopener noreferrer\">SOMEONE<\/a>, by Lauren Lee McCarthy \u00a0<span style=\"color: #ff0000;\">[\u7b2c6\u7d44]<\/span><\/li>\n<\/ol>\n","protected":false},"excerpt":{"rendered":"<p>\u570b\u969b\u7db2\u8def\u85dd\u8853&amp;\u5275\u610f\u4f5c\u54c1 2022\u5e74 \u7b2c\u4e8c\u6b21\u5c0f\u7d44\u8a0e\u8ad6 (11\/30) \u2013  &hellip; <a href=\"https:\/\/www.fbilab.org\/xn\/netart\/?page_id=2484\">\u95b1\u8b80\u5168\u6587 <span class=\"meta-nav\">&rarr;<\/span><\/a><\/p>\n","protected":false},"author":6,"featured_media":0,"parent":2482,"menu_order":0,"comment_status":"closed","ping_status":"closed","template":"","meta":[],"_links":{"self":[{"href":"https:\/\/www.fbilab.org\/xn\/netart\/index.php?rest_route=\/wp\/v2\/pages\/2484"}],"collection":[{"href":"https:\/\/www.fbilab.org\/xn\/netart\/index.php?rest_route=\/wp\/v2\/pages"}],"about":[{"href":"https:\/\/www.fbilab.org\/xn\/netart\/index.php?rest_route=\/wp\/v2\/types\/page"}],"author":[{"embeddable":true,"href":"https:\/\/www.fbilab.org\/xn\/netart\/index.php?rest_route=\/wp\/v2\/users\/6"}],"replies":[{"embeddable":true,"href":"https:\/\/www.fbilab.org\/xn\/netart\/index.php?rest_route=%2Fwp%2Fv2%2Fcomments&post=2484"}],"version-history":[{"count":19,"href":"https:\/\/www.fbilab.org\/xn\/netart\/index.php?rest_route=\/wp\/v2\/pages\/2484\/revisions"}],"predecessor-version":[{"id":2806,"href":"https:\/\/www.fbilab.org\/xn\/netart\/index.php?rest_route=\/wp\/v2\/pages\/2484\/revisions\/2806"}],"up":[{"embeddable":true,"href":"https:\/\/www.fbilab.org\/xn\/netart\/index.php?rest_route=\/wp\/v2\/pages\/2482"}],"wp:attachment":[{"href":"https:\/\/www.fbilab.org\/xn\/netart\/index.php?rest_route=%2Fwp%2Fv2%2Fmedia&parent=2484"}],"curies":[{"name":"wp","href":"https:\/\/api.w.org\/{rel}","templated":true}]}}